{"id":973,"date":"2023-02-21T10:10:26","date_gmt":"2023-02-21T09:10:26","guid":{"rendered":"https:\/\/mve-energo.sk\/vseobecne-informace-ke-zpracovani-osobnich-udaju\/"},"modified":"2025-04-01T18:55:37","modified_gmt":"2025-04-01T16:55:37","slug":"vseobecne-informace-ke-zpracovani-osobnich-udaju","status":"publish","type":"page","link":"https:\/\/mve-energo.sk\/cs\/vseobecne-informace-ke-zpracovani-osobnich-udaju\/","title":{"rendered":"V\u0161eobecn\u00e9 informace ke zpracov\u00e1n\u00ed osobn\u00edch \u00fadaj\u016f"},"content":{"rendered":"[vc_row type=&#8220;in_container&#8220; full_screen_row_position=&#8220;middle&#8220; column_margin=&#8220;default&#8220; column_direction=&#8220;default&#8220; column_direction_tablet=&#8220;default&#8220; column_direction_phone=&#8220;default&#8220; scene_position=&#8220;center&#8220; top_padding=&#8220;5%&#8220; top_padding_tablet=&#8220;8%&#8220; top_padding_phone=&#8220;15%&#8220; text_color=&#8220;dark&#8220; text_align=&#8220;left&#8220; row_border_radius=&#8220;none&#8220; row_border_radius_applies=&#8220;bg&#8220; overflow=&#8220;visible&#8220; overlay_strength=&#8220;0.3&#8243; gradient_direction=&#8220;left_to_right&#8220; shape_divider_position=&#8220;bottom&#8220; bg_image_animation=&#8220;none&#8220; gradient_type=&#8220;default&#8220; shape_type=&#8220;&#8220;][vc_column column_padding=&#8220;no-extra-padding&#8220; column_padding_tablet=&#8220;inherit&#8220; column_padding_phone=&#8220;inherit&#8220; column_padding_position=&#8220;all&#8220; column_element_direction_desktop=&#8220;default&#8220; column_element_spacing=&#8220;default&#8220; desktop_text_alignment=&#8220;default&#8220; tablet_text_alignment=&#8220;default&#8220; phone_text_alignment=&#8220;default&#8220; background_color_opacity=&#8220;1&#8243; background_hover_color_opacity=&#8220;1&#8243; column_backdrop_filter=&#8220;none&#8220; column_shadow=&#8220;none&#8220; column_border_radius=&#8220;none&#8220; column_link_target=&#8220;_self&#8220; column_position=&#8220;default&#8220; gradient_direction=&#8220;left_to_right&#8220; overlay_strength=&#8220;0.3&#8243; width=&#8220;1\/1&#8243; tablet_width_inherit=&#8220;default&#8220; animation_type=&#8220;default&#8220; bg_image_animation=&#8220;none&#8220; border_type=&#8220;simple&#8220; column_border_width=&#8220;none&#8220; column_border_style=&#8220;solid&#8220;][split_line_heading animation_type=&#8220;line-reveal-by-space&#8220; font_style=&#8220;h1&#8243; line_reveal_by_space_text_effect=&#8220;default&#8220; content_alignment=&#8220;default&#8220; mobile_content_alignment=&#8220;inherit&#8220; link_target=&#8220;_self&#8220; text_content=&#8220;V\u0161eobecn\u00e9 informace ke zpracov\u00e1n\u00ed osobn\u00edch \u00fadaj\u016f&#8220; font_size=&#8220;36px&#8220;][\/split_line_heading][\/vc_column][\/vc_row][vc_row type=&#8220;in_container&#8220; full_screen_row_position=&#8220;middle&#8220; column_margin=&#8220;default&#8220; column_direction=&#8220;default&#8220; column_direction_tablet=&#8220;default&#8220; column_direction_phone=&#8220;default&#8220; scene_position=&#8220;center&#8220; bottom_padding=&#8220;5%&#8220; bottom_padding_tablet=&#8220;8%&#8220; bottom_padding_phone=&#8220;15%&#8220; text_color=&#8220;dark&#8220; text_align=&#8220;left&#8220; row_border_radius=&#8220;none&#8220; row_border_radius_applies=&#8220;bg&#8220; overflow=&#8220;visible&#8220; overlay_strength=&#8220;0.3&#8243; gradient_direction=&#8220;left_to_right&#8220; shape_divider_position=&#8220;bottom&#8220; bg_image_animation=&#8220;none&#8220; gradient_type=&#8220;default&#8220; shape_type=&#8220;&#8220;][vc_column column_padding=&#8220;no-extra-padding&#8220; column_padding_tablet=&#8220;inherit&#8220; column_padding_phone=&#8220;inherit&#8220; column_padding_position=&#8220;all&#8220; column_element_direction_desktop=&#8220;default&#8220; column_element_spacing=&#8220;default&#8220; desktop_text_alignment=&#8220;default&#8220; tablet_text_alignment=&#8220;default&#8220; phone_text_alignment=&#8220;default&#8220; background_color_opacity=&#8220;1&#8243; background_hover_color_opacity=&#8220;1&#8243; column_backdrop_filter=&#8220;none&#8220; column_shadow=&#8220;none&#8220; column_border_radius=&#8220;none&#8220; column_link_target=&#8220;_self&#8220; column_position=&#8220;default&#8220; gradient_direction=&#8220;left_to_right&#8220; overlay_strength=&#8220;0.3&#8243; width=&#8220;1\/1&#8243; tablet_width_inherit=&#8220;default&#8220; animation_type=&#8220;default&#8220; bg_image_animation=&#8220;none&#8220; border_type=&#8220;simple&#8220; column_border_width=&#8220;none&#8220; column_border_style=&#8220;solid&#8220;][vc_column_text]1. Dot\u010den\u00e1 osoba: registrovan\u00fd n\u00e1v\u0161t\u011bvn\u00edk webov\u00e9 str\u00e1nky MVE &#8211; ENERGO, s. r. o. 2. Provozovatel osobn\u00edch \u00fadaj\u016f: MVE &#8211; ENERGO, s. 1 r. o., se s\u00eddlem: Priemyseln\u00e1 1\/4412, 031 01 Liptovsk\u00fd Mikul\u00e1\u0161, I\u010c: 36 806 544, zapsan\u00e1 v Obchodn\u00edm rejst\u0159\u00edku Okresn\u00edho soudu \u017dilina, v odd\u00edle: Sro, ve vlo\u017ece \u010d\u00edslo: 19237\/L. Zpracov\u00e1n\u00ed z\u00edskan\u00fdch a poskytnut\u00fdch osobn\u00edch \u00fadaj\u016f je nezbytnou sou\u010d\u00e1st\u00ed \u010dinnosti provozovatele. Bez zpracov\u00e1n\u00ed osobn\u00edch \u00fadaj\u016f by provozovatel sv\u00fdm klient\u016fm jako potenci\u00e1ln\u00edm obchodn\u00edm partner\u016fm nemohl poskytovat sv\u00e9 slu\u017eby v po\u017eadovan\u00e9m rozsahu a kvalit\u011b. 3. P\u0159\u00edjemce osobn\u00edch \u00fadaj\u016f: MVE &#8211; ENERGO, s. 12 r. o., se s\u00eddlem: Priemyseln\u00e1 1\/4412, 031 01 Liptovsk\u00fd Mikul\u00e1\u0161, I\u010c: 36 806 544, zapsan\u00e1 v Obchodn\u00edm rejst\u0159\u00edku Okresn\u00edho soudu \u017dilina, v odd\u00edle: Sro, ve vlo\u017ece \u010d\u00edslo: 19237\/L. Provozovatel vzhledem k rozsahu a p\u0159edm\u011btu sv\u00e9 \u010dinnosti nem\u00e1 povinnost ve smyslu \u00a7 44 z\u00e1kona \u010d. 1\/2003. 18\/2018 Sb. o ochran\u011b osobn\u00edch \u00fadaj\u016f a o zm\u011bn\u011b a dopln\u011bn\u00ed n\u011bkter\u00fdch z\u00e1kon\u016f stanovit odpov\u011bdnou osobu. Provozovatel str\u00e1nky odpov\u011bdn\u00e1 za zpracov\u00e1n\u00ed osobn\u00edch \u00fadaj\u016f podle na\u0159\u00edzen\u00ed evropsk\u00e9ho parlamentu a rady (EU) 2016\/679, ze dne 27. dubna 2016 o ochran\u011b fyzick\u00fdch osob p\u0159i zpracov\u00e1n\u00ed osobn\u00edch \u00fadaj\u016f a o voln\u00e9m pohybu takov\u00fdch \u00fadaj\u016f (d\u00e1le jen GDPR). Dot\u010den\u00e1 osoba m\u00e1 pr\u00e1vo se na z\u00e1klad\u011b p\u00edsemn\u00e9 \u017e\u00e1dosti u provozovatele dom\u00e1hat se informac\u00ed o sv\u00fdch osobn\u00edch \u00fadaj\u00edch, kter\u00e9 jsou p\u0159edm\u011btem zpracov\u00e1n\u00ed nebo likvidace, \u010di opravy sv\u00fdch osobn\u00edch \u00fadaj\u016f provozovatelem. P\u0159\u00edjemcem osobn\u00edch \u00fadaj\u016f jsou n\u00e1sleduj\u00edc\u00ed zprost\u0159edkovatel\u00e9: JUDr. PaedDr. R\u00f3bert Monsberger Koz\u00e1k, advok\u00e1t, se s\u00eddlem: \u0160t\u00farova 17, 031 01 Liptovsk\u00fd Mikul\u00e1\u0161, zapsan\u00fd v seznamu advok\u00e1t\u016f Slovensk\u00e9 advok\u00e1tn\u00ed komory pod po\u0159adov\u00fdm \u010d\u00edslem 6899, I\u010cO: 40 454 576, DI\u010c: 10454588. 4. Provozovatel pou\u017e\u00edv\u00e1 Cookies pro n\u00e1sleduj\u00edc\u00ed \u00fa\u010dely: <\/p>\n<ol style=\"list-style-type: lower-alpha;\">\n<li>k identifikaci p\u0159i n\u00e1v\u0161t\u011bv\u011b webov\u00fdch str\u00e1nek provozovatele a b\u011bhem navigace na jeho webov\u00fdch str\u00e1nk\u00e1ch;<\/li>\n<li>pro anal\u00fdzu pou\u017e\u00edv\u00e1n\u00ed a v\u00fdkonnost webov\u00fdch str\u00e1nek a slu\u017eeb provozovatele;<\/li>\n<li>k ukl\u00e1d\u00e1n\u00ed preferenc\u00ed doty\u010dn\u00e9 osoby k pou\u017e\u00edv\u00e1n\u00ed soubor\u016f cookies p\u0159i prohl\u00ed\u017een\u00ed webov\u00e9 str\u00e1nky provozovatele.<\/li>\n<\/ol>\n<p> 5. K p\u0159enosu osobn\u00edch \u00fadaj\u016f do t\u0159et\u00ed zem\u011b nedoch\u00e1z\u00ed. 6. Zakliknut\u00edm za\u0161krt\u00e1vac\u00edho pol\u00ed\u010dka vyjad\u0159uji jako dot\u010den\u00e1 osoba sv\u016fj souhlas se zpracov\u00e1n\u00edm m\u00fdch osobn\u00edch \u00fadaj\u016f v rozsahu jm\u00e9no, p\u0159\u00edjmen\u00ed a e-mailov\u00e1 adresa obchodn\u00ed spole\u010dnost\u00ed MVE &#8211; ENERGO, s. r. o., se s\u00eddlem: Priemyseln\u00e1 1\/4412, 031 01 Liptovsk\u00fd Mikul\u00e1\u0161, I\u010c: 36 806 544, zapsan\u00e1 v Obchodn\u00edm rejst\u0159\u00edku Okresn\u00edho soudu \u017dilina, v odd\u00edle: Sro, ve vlo\u017ece \u010d\u00edslo: 19237\/L, jako provozovatelem, a to za \u00fa\u010delem uzav\u0159en\u00ed kupn\u00ed smlouvy nebo smlouvy o d\u00edlo. Tento souhlas se z\u00e1rove\u0148 pova\u017euje za souhlas se zas\u00edl\u00e1n\u00edm zpr\u00e1v elektronick\u00e9 po\u0161ty. Souhlas ud\u011bluji na dobu a\u017e do odvol\u00e1n\u00ed. 7. Dot\u010den\u00e1 osoba je povinna poskytnout pravdiv\u00e9 a aktu\u00e1ln\u00ed osobn\u00ed \u00fadaje. 8. Dot\u010den\u00e1 osoba m\u00e1 pr\u00e1vo: <\/p>\n<ul>\n<li>podat st\u00ed\u017enost Kontroln\u00edmu \u00fa\u0159adu, nam\u00edtat proti zpracov\u00e1n\u00ed, po\u017eadovat od provozovatele p\u0159\u00edstup k osobn\u00edm \u00fadaj\u016fm t\u00fdkaj\u00edc\u00edm se doty\u010dn\u00e9 osoby, na opravu nebo vymaz\u00e1n\u00ed nebo omezen\u00ed zpracov\u00e1n\u00ed osobn\u00edch \u00fadaj\u016f, jako\u017e i pr\u00e1vo na p\u0159enosnost \u00fadaj\u016f, na z\u00e1klad\u011b p\u00edsemn\u00e9 \u017e\u00e1dosti od provozovatele vy\u017eadovat:<\/li>\n<li>potvrzen\u00ed, zda jsou nebo nejsou osobn\u00ed \u00fadaje o n\u00ed zpracov\u00e1v\u00e1ny;<\/li>\n<li>v obecn\u011b srozumiteln\u00e9 form\u011b informace o zpracov\u00e1v\u00e1n\u00ed osobn\u00edch \u00fadaj\u016f v informa\u010dn\u00edm syst\u00e9mu v rozsahu identifika\u010dn\u00ed \u00fadaje provozovatele a zprost\u0159edkovatele (je-li stanoven);<\/li>\n<li>\u00fa\u010del zpracov\u00e1n\u00ed osobn\u00edch \u00fadaj\u016f;<\/li>\n<li>seznam nebo rozsah zpracov\u00e1van\u00fdch osobn\u00edch \u00fadaj\u016f;<\/li>\n<li>pou\u010den\u00ed o dobrovolnosti nebo povinnosti poskytnout po\u017eadovan\u00e9 osobn\u00ed \u00fadaje, dobu platnosti souhlasu nebo ozn\u00e1men\u00ed, kter\u00fd pr\u00e1vn\u00ed p\u0159edpis ukl\u00e1d\u00e1 povinnost osobn\u00ed \u00fadaje poskytnout;<\/li>\n<li>t\u0159et\u00ed strany, maj\u00ed-li jim b\u00fdt osobn\u00ed \u00fadaje poskytnuty;<\/li>\n<li>okruh p\u0159\u00edjemc\u016f, maj\u00ed-li b\u00fdt osobn\u00ed \u00fadaje zp\u0159\u00edstupn\u011bny;<\/li>\n<li>forma zve\u0159ejn\u011bn\u00ed osobn\u00edch \u00fadaj\u016f, maj\u00ed-li b\u00fdt osobn\u00ed \u00fadaje zve\u0159ejn\u011bny;<\/li>\n<li>t\u0159et\u00ed zem\u011b, m\u00e1-li b\u00fdt uskute\u010dn\u011bn p\u0159enos osobn\u00edch \u00fadaj\u016f do t\u011bchto zem\u00ed;<\/li>\n<li>v obecn\u011b srozumiteln\u00e9 form\u011b p\u0159esn\u00e9 informace o zdroji, ze kter\u00e9ho provozovatel z\u00edskal jej\u00ed osobn\u00ed \u00fadaje ke zpracov\u00e1n\u00ed;<\/li>\n<li>v obecn\u011b srozumiteln\u00e9 form\u011b seznam jej\u00edch osobn\u00edch \u00fadaj\u016f, kter\u00e9 jsou p\u0159edm\u011btem zpracov\u00e1n\u00ed;<\/li>\n<li>opravu nebo likvidaci jej\u00edch nespr\u00e1vn\u00fdch, ne\u00fapln\u00fdch nebo neaktu\u00e1ln\u00edch osobn\u00edch \u00fadaj\u016f, kter\u00e9 jsou p\u0159edm\u011btem zpracov\u00e1n\u00ed;<\/li>\n<li>likvidaci jej\u00edch osobn\u00edch \u00fadaj\u016f, jejich\u017e \u00fa\u010del zpracov\u00e1n\u00ed skon\u010dil;<\/li>\n<li>jsou-li p\u0159edm\u011btem zpracov\u00e1n\u00ed \u00fa\u0159edn\u00ed doklady obsahuj\u00edc\u00ed osobn\u00ed \u00fadaje po\u017e\u00e1dat o jejich vr\u00e1cen\u00ed;<\/li>\n<li>likvidaci jej\u00edch osobn\u00edch \u00fadaj\u016f, kter\u00e9 jsou p\u0159edm\u011btem zpracov\u00e1n\u00ed, do\u0161lo-li k poru\u0161en\u00ed z\u00e1kona;<\/li>\n<li>blokov\u00e1n\u00ed jej\u00edch osobn\u00edch \u00fadaj\u016f z d\u016fvodu odvol\u00e1n\u00ed souhlasu p\u0159ed uplynut\u00edm doby jeho platnosti, pokud provozovatel zpracov\u00e1v\u00e1 osobn\u00ed \u00fadaje na z\u00e1klad\u011b jej\u00edho souhlasu.<\/li>\n<\/ul>\n<p> 9. Uvedenou \u017e\u00e1dost nebo informace o \u00faniku osobn\u00edch \u00fadaj\u016f, \u010di jin\u00e9 z\u00e1va\u017en\u00e9 skute\u010dnosti t\u00fdkaj\u00edc\u00ed se zpracov\u00e1n\u00ed osobn\u00edch \u00fadaj\u016f provozovatelem lze adresovat provozovateli na v\u00fd\u0161e uveden\u00e9 po\u0161tovn\u00ed adrese nebo na telefonn\u00edm \u010d\u00edsle: : 00421 918 473 313 resp. na elektronick\u00e9 adrese: robert.monsberger.kozak@mve-energo.sk 10. Dot\u010den\u00e1 osoba m\u00e1 pr\u00e1vo, aby jej\u00ed provozovatel potvrdil, zda zpracov\u00e1v\u00e1 osobn\u00ed \u00fadaje, kter\u00e9 se j\u00ed t\u00fdkaj\u00ed. 11. Dot\u010den\u00e1 osoba na z\u00e1klad\u011b p\u00edsemn\u00e9 \u017e\u00e1dosti m\u00e1 pr\u00e1vo u provozovatele nam\u00edtat v\u016f\u010di zpracov\u00e1n\u00ed jej\u00edch osobn\u00edch \u00fadaj\u016f, o nich\u017e p\u0159edpokl\u00e1d\u00e1, \u017ee jsou nebo budou zpracov\u00e1v\u00e1ny pro \u00fa\u010dely p\u0159\u00edm\u00e9ho marketingu bez jej\u00edho souhlasu, a \u017e\u00e1dat jejich likvidaci. 12. Dot\u010den\u00e1 osoba m\u00e1 pr\u00e1vo obr\u00e1tit se na \u00da\u0159ad pro ochranu osobn\u00edch \u00fadaj\u016f Slovensk\u00e9 republiky, se s\u00eddlem: Bratislava 27, Hrani\u010dn\u00e1 12, 820 07, tel. \u00fast\u0159edna +421 2 3231 3214, www: \u00da\u0159ad pro ochranu osobn\u00edch \u00fadaj\u016f Slovensk\u00e9 republiky (gov.sk), a to zejm\u00e9na v p\u0159\u00edpad\u011b, \u017ee provozovatel nevyhov\u00ed \u017e\u00e1dosti o vysv\u011btlen\u00ed nebo odstran\u011bn\u00ed stavu vznikl\u00e9ho zpracov\u00e1n\u00edm osobn\u00edch \u00fadaj\u016f, kter\u00e9 je v rozporu s platnou pr\u00e1vn\u00ed \u00fapravou oblasti zpracov\u00e1n\u00ed a ochrany osobn\u00edch \u00fadaj\u016f.[\/vc_column_text][\/vc_column][\/vc_row]\n","protected":false},"excerpt":{"rendered":"<p>[vc_row type=&#8220;in_container&#8220; full_screen_row_position=&#8220;middle&#8220; column_margin=&#8220;default&#8220; column_direction=&#8220;default&#8220; column_direction_tablet=&#8220;default&#8220; column_direction_phone=&#8220;default&#8220; scene_position=&#8220;center&#8220; top_padding=&#8220;5%&#8220; top_padding_tablet=&#8220;8%&#8220; top_padding_phone=&#8220;15%&#8220; text_color=&#8220;dark&#8220; text_align=&#8220;left&#8220; row_border_radius=&#8220;none&#8220; row_border_radius_applies=&#8220;bg&#8220; overflow=&#8220;visible&#8220; overlay_strength=&#8220;0.3&#8243; gradient_direction=&#8220;left_to_right&#8220; shape_divider_position=&#8220;bottom&#8220; bg_image_animation=&#8220;none&#8220; gradient_type=&#8220;default&#8220; shape_type=&#8220;&#8220;][vc_column column_padding=&#8220;no-extra-padding&#8220; column_padding_tablet=&#8220;inherit&#8220; column_padding_phone=&#8220;inherit&#8220; column_padding_position=&#8220;all&#8220; column_element_direction_desktop=&#8220;default&#8220; column_element_spacing=&#8220;default&#8220; desktop_text_alignment=&#8220;default&#8220; tablet_text_alignment=&#8220;default&#8220;&#8230;<\/p>\n","protected":false},"author":1,"featured_media":0,"parent":0,"menu_order":0,"comment_status":"closed","ping_status":"closed","template":"","meta":{"inline_featured_image":false,"footnotes":""},"class_list":["post-973","page","type-page","status-publish"],"yoast_head":"<!-- This site is optimized with the Yoast SEO Premium plugin v26.5 (Yoast SEO v26.5) - https:\/\/yoast.com\/wordpress\/plugins\/seo\/ -->\n<title>V\u0161eobecn\u00e9 informace ke zpracov\u00e1n\u00ed osobn\u00edch \u00fadaj\u016f - MVE-ENERGO, s.r.o.<\/title>\n<meta name=\"robots\" content=\"index, follow, max-snippet:-1, max-image-preview:large, max-video-preview:-1\" \/>\n<link rel=\"canonical\" href=\"https:\/\/mve-energo.sk\/cs\/vseobecne-informace-ke-zpracovani-osobnich-udaju\/\" \/>\n<meta property=\"og:locale\" content=\"cs_CZ\" \/>\n<meta property=\"og:type\" content=\"article\" \/>\n<meta property=\"og:title\" content=\"V\u0161eobecn\u00e9 informace ke zpracov\u00e1n\u00ed osobn\u00edch \u00fadaj\u016f\" \/>\n<meta property=\"og:description\" content=\"[vc_row type=&#8220;in_container&#8220; full_screen_row_position=&#8220;middle&#8220; column_margin=&#8220;default&#8220; column_direction=&#8220;default&#8220; column_direction_tablet=&#8220;default&#8220; column_direction_phone=&#8220;default&#8220; scene_position=&#8220;center&#8220; top_padding=&#8220;5%&#8220; top_padding_tablet=&#8220;8%&#8220; top_padding_phone=&#8220;15%&#8220; text_color=&#8220;dark&#8220; text_align=&#8220;left&#8220; row_border_radius=&#8220;none&#8220; row_border_radius_applies=&#8220;bg&#8220; overflow=&#8220;visible&#8220; overlay_strength=&#8220;0.3&#8243; gradient_direction=&#8220;left_to_right&#8220; shape_divider_position=&#8220;bottom&#8220; bg_image_animation=&#8220;none&#8220; gradient_type=&#8220;default&#8220; shape_type=&#8220;&#8220;][vc_column column_padding=&#8220;no-extra-padding&#8220; column_padding_tablet=&#8220;inherit&#8220; column_padding_phone=&#8220;inherit&#8220; column_padding_position=&#8220;all&#8220; column_element_direction_desktop=&#8220;default&#8220; column_element_spacing=&#8220;default&#8220; desktop_text_alignment=&#8220;default&#8220; tablet_text_alignment=&#8220;default&#8220;...\" \/>\n<meta property=\"og:url\" content=\"https:\/\/mve-energo.sk\/cs\/vseobecne-informace-ke-zpracovani-osobnich-udaju\/\" \/>\n<meta property=\"og:site_name\" content=\"MVE-ENERGO, s.r.o.\" \/>\n<meta property=\"article:modified_time\" content=\"2025-04-01T16:55:37+00:00\" \/>\n<meta name=\"twitter:card\" content=\"summary_large_image\" \/>\n<meta name=\"twitter:label1\" content=\"Odhadovan\u00e1 doba \u010dten\u00ed\" \/>\n\t<meta name=\"twitter:data1\" content=\"7 minut\" \/>\n<script type=\"application\/ld+json\" class=\"yoast-schema-graph\">{\"@context\":\"https:\/\/schema.org\",\"@graph\":[{\"@type\":\"WebPage\",\"@id\":\"https:\/\/mve-energo.sk\/cs\/vseobecne-informace-ke-zpracovani-osobnich-udaju\/\",\"url\":\"https:\/\/mve-energo.sk\/cs\/vseobecne-informace-ke-zpracovani-osobnich-udaju\/\",\"name\":\"V\u0161eobecn\u00e9 informace ke zpracov\u00e1n\u00ed osobn\u00edch \u00fadaj\u016f - MVE-ENERGO, s.r.o.\",\"isPartOf\":{\"@id\":\"https:\/\/mve-energo.sk\/#website\"},\"datePublished\":\"2023-02-21T09:10:26+00:00\",\"dateModified\":\"2025-04-01T16:55:37+00:00\",\"breadcrumb\":{\"@id\":\"https:\/\/mve-energo.sk\/cs\/vseobecne-informace-ke-zpracovani-osobnich-udaju\/#breadcrumb\"},\"inLanguage\":\"cs\",\"potentialAction\":[{\"@type\":\"ReadAction\",\"target\":[\"https:\/\/mve-energo.sk\/cs\/vseobecne-informace-ke-zpracovani-osobnich-udaju\/\"]}]},{\"@type\":\"BreadcrumbList\",\"@id\":\"https:\/\/mve-energo.sk\/cs\/vseobecne-informace-ke-zpracovani-osobnich-udaju\/#breadcrumb\",\"itemListElement\":[{\"@type\":\"ListItem\",\"position\":1,\"name\":\"\u00davod\",\"item\":\"https:\/\/mve-energo.sk\/cs\/\"},{\"@type\":\"ListItem\",\"position\":2,\"name\":\"V\u0161eobecn\u00e9 informace ke zpracov\u00e1n\u00ed osobn\u00edch \u00fadaj\u016f\"}]},{\"@type\":\"WebSite\",\"@id\":\"https:\/\/mve-energo.sk\/#website\",\"url\":\"https:\/\/mve-energo.sk\/\",\"name\":\"MVE-ENERGO, s.r.o.\",\"description\":\"\",\"potentialAction\":[{\"@type\":\"SearchAction\",\"target\":{\"@type\":\"EntryPoint\",\"urlTemplate\":\"https:\/\/mve-energo.sk\/?s={search_term_string}\"},\"query-input\":{\"@type\":\"PropertyValueSpecification\",\"valueRequired\":true,\"valueName\":\"search_term_string\"}}],\"inLanguage\":\"cs\"}]}<\/script>\n<!-- \/ Yoast SEO Premium plugin. -->","yoast_head_json":{"title":"V\u0161eobecn\u00e9 informace ke zpracov\u00e1n\u00ed osobn\u00edch \u00fadaj\u016f - MVE-ENERGO, s.r.o.","robots":{"index":"index","follow":"follow","max-snippet":"max-snippet:-1","max-image-preview":"max-image-preview:large","max-video-preview":"max-video-preview:-1"},"canonical":"https:\/\/mve-energo.sk\/cs\/vseobecne-informace-ke-zpracovani-osobnich-udaju\/","og_locale":"cs_CZ","og_type":"article","og_title":"V\u0161eobecn\u00e9 informace ke zpracov\u00e1n\u00ed osobn\u00edch \u00fadaj\u016f","og_description":"[vc_row type=&#8220;in_container&#8220; full_screen_row_position=&#8220;middle&#8220; column_margin=&#8220;default&#8220; column_direction=&#8220;default&#8220; column_direction_tablet=&#8220;default&#8220; column_direction_phone=&#8220;default&#8220; scene_position=&#8220;center&#8220; top_padding=&#8220;5%&#8220; top_padding_tablet=&#8220;8%&#8220; top_padding_phone=&#8220;15%&#8220; text_color=&#8220;dark&#8220; text_align=&#8220;left&#8220; row_border_radius=&#8220;none&#8220; row_border_radius_applies=&#8220;bg&#8220; overflow=&#8220;visible&#8220; overlay_strength=&#8220;0.3&#8243; gradient_direction=&#8220;left_to_right&#8220; shape_divider_position=&#8220;bottom&#8220; bg_image_animation=&#8220;none&#8220; gradient_type=&#8220;default&#8220; shape_type=&#8220;&#8220;][vc_column column_padding=&#8220;no-extra-padding&#8220; column_padding_tablet=&#8220;inherit&#8220; column_padding_phone=&#8220;inherit&#8220; column_padding_position=&#8220;all&#8220; column_element_direction_desktop=&#8220;default&#8220; column_element_spacing=&#8220;default&#8220; desktop_text_alignment=&#8220;default&#8220; tablet_text_alignment=&#8220;default&#8220;...","og_url":"https:\/\/mve-energo.sk\/cs\/vseobecne-informace-ke-zpracovani-osobnich-udaju\/","og_site_name":"MVE-ENERGO, s.r.o.","article_modified_time":"2025-04-01T16:55:37+00:00","twitter_card":"summary_large_image","twitter_misc":{"Odhadovan\u00e1 doba \u010dten\u00ed":"7 minut"},"schema":{"@context":"https:\/\/schema.org","@graph":[{"@type":"WebPage","@id":"https:\/\/mve-energo.sk\/cs\/vseobecne-informace-ke-zpracovani-osobnich-udaju\/","url":"https:\/\/mve-energo.sk\/cs\/vseobecne-informace-ke-zpracovani-osobnich-udaju\/","name":"V\u0161eobecn\u00e9 informace ke zpracov\u00e1n\u00ed osobn\u00edch \u00fadaj\u016f - MVE-ENERGO, s.r.o.","isPartOf":{"@id":"https:\/\/mve-energo.sk\/#website"},"datePublished":"2023-02-21T09:10:26+00:00","dateModified":"2025-04-01T16:55:37+00:00","breadcrumb":{"@id":"https:\/\/mve-energo.sk\/cs\/vseobecne-informace-ke-zpracovani-osobnich-udaju\/#breadcrumb"},"inLanguage":"cs","potentialAction":[{"@type":"ReadAction","target":["https:\/\/mve-energo.sk\/cs\/vseobecne-informace-ke-zpracovani-osobnich-udaju\/"]}]},{"@type":"BreadcrumbList","@id":"https:\/\/mve-energo.sk\/cs\/vseobecne-informace-ke-zpracovani-osobnich-udaju\/#breadcrumb","itemListElement":[{"@type":"ListItem","position":1,"name":"\u00davod","item":"https:\/\/mve-energo.sk\/cs\/"},{"@type":"ListItem","position":2,"name":"V\u0161eobecn\u00e9 informace ke zpracov\u00e1n\u00ed osobn\u00edch \u00fadaj\u016f"}]},{"@type":"WebSite","@id":"https:\/\/mve-energo.sk\/#website","url":"https:\/\/mve-energo.sk\/","name":"MVE-ENERGO, s.r.o.","description":"","potentialAction":[{"@type":"SearchAction","target":{"@type":"EntryPoint","urlTemplate":"https:\/\/mve-energo.sk\/?s={search_term_string}"},"query-input":{"@type":"PropertyValueSpecification","valueRequired":true,"valueName":"search_term_string"}}],"inLanguage":"cs"}]}},"_links":{"self":[{"href":"https:\/\/mve-energo.sk\/cs\/wp-json\/wp\/v2\/pages\/973","targetHints":{"allow":["GET"]}}],"collection":[{"href":"https:\/\/mve-energo.sk\/cs\/wp-json\/wp\/v2\/pages"}],"about":[{"href":"https:\/\/mve-energo.sk\/cs\/wp-json\/wp\/v2\/types\/page"}],"author":[{"embeddable":true,"href":"https:\/\/mve-energo.sk\/cs\/wp-json\/wp\/v2\/users\/1"}],"replies":[{"embeddable":true,"href":"https:\/\/mve-energo.sk\/cs\/wp-json\/wp\/v2\/comments?post=973"}],"version-history":[{"count":0,"href":"https:\/\/mve-energo.sk\/cs\/wp-json\/wp\/v2\/pages\/973\/revisions"}],"wp:attachment":[{"href":"https:\/\/mve-energo.sk\/cs\/wp-json\/wp\/v2\/media?parent=973"}],"curies":[{"name":"wp","href":"https:\/\/api.w.org\/{rel}","templated":true}]}}